{"id":62,"date":"2010-11-22T13:33:04","date_gmt":"2010-11-22T12:33:04","guid":{"rendered":"http:\/\/fishermansjam.de\/?page_id=62"},"modified":"2025-12-17T16:41:46","modified_gmt":"2025-12-17T15:41:46","slug":"start","status":"publish","type":"page","link":"https:\/\/fishermansjam.de\/","title":{"rendered":"Fisherman\u00b4s Jam Weihnachtsspezial am Samstag       20.12.2025 ab 18 Uhr &#8211; 22 Uhr!"},"content":{"rendered":"<h3 style=\"text-align: center;\"><span style=\"color: #0000ff;\">Opener Band: H.I.D.E. pjct.<\/span><br \/>\n<span style=\"color: #0000ff;\">Ort: S\u00fcdbr\u00fccke, Alfred-Sch\u00fctte-Allee 34, 51105 K\u00f6ln<\/span><br \/>\n<span style=\"color: #0000ff;\">im Rahmen der S\u00fcdlichter<\/span><br \/>\n<span style=\"color: #0000ff;\">Wir haben den Ballsaal ganz f\u00fcr uns, es ist eine gro\u00dfartige Location!<\/span><br \/>\n<span style=\"color: #0000ff;\">Eintritt frei, es gibt einen Wintermarkt mit Essen &amp; Trinken &amp; Kunst<br \/>\n<a href=\"https:\/\/fishermansjam.de\/wp-content\/uploads\/2025\/12\/banner.jpg\"><img loading=\"lazy\" decoding=\"async\" class=\"aligncenter  wp-image-710\" src=\"https:\/\/fishermansjam.de\/wp-content\/uploads\/2025\/12\/banner-300x169.jpg\" alt=\"\" width=\"497\" height=\"280\" srcset=\"https:\/\/fishermansjam.de\/wp-content\/uploads\/2025\/12\/banner-300x169.jpg 300w, https:\/\/fishermansjam.de\/wp-content\/uploads\/2025\/12\/banner-1200x675.jpg 1200w, https:\/\/fishermansjam.de\/wp-content\/uploads\/2025\/12\/banner-768x432.jpg 768w, https:\/\/fishermansjam.de\/wp-content\/uploads\/2025\/12\/banner-1536x864.jpg 1536w, https:\/\/fishermansjam.de\/wp-content\/uploads\/2025\/12\/banner.jpg 1600w\" sizes=\"auto, (max-width: 497px) 100vw, 497px\" \/><\/a><\/span><br \/>\n<a href=\"https:\/\/suedbruecke.com\/die-suedbruecke\/\">www.suedbruecke.com<\/a><\/h3>\n<p style=\"text-align: center;\">Wir freuen uns riesig, hier wieder starten zu k\u00f6nnen!<\/p>\n<p>Fishermansjam Veranstaltung ist eine offene B\u00fchne f\u00fcr Musiker jeglicher Coleur zum gemeinsamen jammen. Keine Bands, kein Cover, just pure groove!<\/p>\n<p style=\"text-align: center;\">Falls Ihr unter &#8222;JAM-Musiker&#8220; gelistet werden wollt: Bitte mailen.<\/p>\n<p style=\"text-align: center;\">Falls Ihr in die Hall of Fame wollt: Als Opener bewerben!<\/p>\n<p style=\"text-align: center;\">Falls Ihr wirklich gut spielen wollt: \u00dcben und Mut!<\/p>\n<p style=\"text-align: center;\"><span style=\"color: #0000ff;\">Zum Email-Verteiler:<\/span><a href=\"mailto:ichni@netcologne.de\"> hier klicken<\/a><\/p>\n<audio class=\"wp-audio-shortcode\" id=\"audio-62-1\" autoplay preload=\"auto\" style=\"width: 100%;\" controls=\"controls\"><source type=\"audio\/mpeg\" src=\"https:\/\/fishermansjam.de\/wp-content\/uploads\/2011\/01\/Intro0.mp3?_=1\" \/><a href=\"https:\/\/fishermansjam.de\/wp-content\/uploads\/2011\/01\/Intro0.mp3\">https:\/\/fishermansjam.de\/wp-content\/uploads\/2011\/01\/Intro0.mp3<\/a><\/audio>\n<p style=\"text-align: center;\">&nbsp;<\/p>\n<p>&nbsp;<\/p>\n","protected":false},"excerpt":{"rendered":"<p>Opener Band: H.I.D.E. pjct. Ort: S\u00fcdbr\u00fccke, Alfred-Sch\u00fctte-Allee 34, 51105 K\u00f6ln im Rahmen der S\u00fcdlichter Wir haben den Ballsaal ganz f\u00fcr uns, es ist eine gro\u00dfartige Location! Eintritt frei, es gibt einen Wintermarkt mit Essen &amp; Trinken &amp; Kunst www.suedbruecke.com Wir freuen uns riesig, hier wieder starten zu k\u00f6nnen! Fishermansjam Veranstaltung ist eine offene B\u00fchne f\u00fcr [&hellip;]<\/p>\n","protected":false},"author":2,"featured_media":0,"parent":0,"menu_order":1,"comment_status":"open","ping_status":"open","template":"","meta":{"ngg_post_thumbnail":0,"footnotes":""},"class_list":["post-62","page","type-page","status-publish","hentry"],"_links":{"self":[{"href":"https:\/\/fishermansjam.de\/index.php?rest_route=\/wp\/v2\/pages\/62","targetHints":{"allow":["GET"]}}],"collection":[{"href":"https:\/\/fishermansjam.de\/index.php?rest_route=\/wp\/v2\/pages"}],"about":[{"href":"https:\/\/fishermansjam.de\/index.php?rest_route=\/wp\/v2\/types\/page"}],"author":[{"embeddable":true,"href":"https:\/\/fishermansjam.de\/index.php?rest_route=\/wp\/v2\/users\/2"}],"replies":[{"embeddable":true,"href":"https:\/\/fishermansjam.de\/index.php?rest_route=%2Fwp%2Fv2%2Fcomments&post=62"}],"version-history":[{"count":199,"href":"https:\/\/fishermansjam.de\/index.php?rest_route=\/wp\/v2\/pages\/62\/revisions"}],"predecessor-version":[{"id":711,"href":"https:\/\/fishermansjam.de\/index.php?rest_route=\/wp\/v2\/pages\/62\/revisions\/711"}],"wp:attachment":[{"href":"https:\/\/fishermansjam.de\/index.php?rest_route=%2Fwp%2Fv2%2Fmedia&parent=62"}],"curies":[{"name":"wp","href":"https:\/\/api.w.org\/{rel}","templated":true}]}}