{"id":6,"date":"2010-11-21T22:43:41","date_gmt":"2010-11-21T21:43:41","guid":{"rendered":"http:\/\/fishermansjam.de\/?page_id=6"},"modified":"2018-05-20T15:03:08","modified_gmt":"2018-05-20T13:03:08","slug":"impressum","status":"publish","type":"page","link":"https:\/\/fishermansjam.de\/?page_id=6","title":{"rendered":"Impressum"},"content":{"rendered":"<p>Angaben gem. \u00a7 5 TMG<\/p>\n<p>Betreiber und Kontakt:<\/p>\n<p>Michael Romes<br \/>\nIm Beginenw\u00e4ldchen 5<br \/>\n51105 K\u00f6ln<br \/>\n<a href=\"mailto:ichni@netcologne.de\" target=\"_blank\">ichni@netcologne.de<\/a><br \/>\nTel.: 0221\/9833074<\/p>\n<div>Verantwortlicher f\u00fcr journalistisch-redaktionelle Inhalte gem. \u00a7 55 II RstV:<\/div>\n<div>Michael Romes<\/div>\n<div>Bilder und Grafiken: eigene Bilder<\/div>\n<p>Organisation und musikalische Leitung der Fishermans Jam:<\/p>\n<p>Michael und Alex Romes<br \/>\n<a href=\"https:\/\/fishermansjam.de\/?attachment_id=57\" rel=\"attachment wp-att-57\"><img loading=\"lazy\" decoding=\"async\" class=\"alignnone size-full wp-image-57\" title=\"ichni\" src=\"https:\/\/fishermansjam.de\/wp-content\/uploads\/2010\/11\/ichni.jpg\" alt=\"\" width=\"209\" height=\"40\" \/><\/a><\/p>\n<p><span style=\"font-size: xx-small;\"><strong>Verweise und Links <\/strong><\/span><\/p>\n<p>Bei direkten oder indirekten Verweisen auf fremde Webseiten (&#8222;Hyperlinks&#8220;), die au\u00dferhalb des Verantwortungsbereiches des Autors liegen, w\u00fcrde eine Haftungsverpflichtung ausschlie\u00dflich in dem Fall in Kraft treten, in dem der Autor von den Inhalten Kenntnis hat und es ihm technisch m\u00f6glich und zumutbar w\u00e4re, die Nutzung im Falle rechtswidriger Inhalte zu verhindern.<br \/>\nDer Autor erkl\u00e4rt hiermit ausdr\u00fccklich, dass zum Zeitpunkt der Linksetzung keine illegalen Inhalte auf den zu verlinkenden Seiten erkennbar waren. Auf die aktuelle und zuk\u00fcnftige Gestaltung, die Inhalte oder die Urheberschaft der verlinkten\/verkn\u00fcpften Seiten hat der Autor keinerlei Einfluss. Deshalb distanziert er sich hiermit ausdr\u00fccklich von allen Inhalten aller verlinkten \/verkn\u00fcpften Seiten, die nach der Linksetzung ver\u00e4ndert wurden. Diese Feststellung gilt f\u00fcr alle innerhalb des eigenen Internetangebotes gesetzten Links und Verweise sowie f\u00fcr Fremdeintr\u00e4ge in vom Autor eingerichteten G\u00e4steb\u00fcchern, Diskussionsforen, Linkverzeichnissen, Mailinglisten und in allen anderen Formen von Datenbanken, auf deren Inhalt externe Schreibzugriffe m\u00f6glich sind. F\u00fcr illegale, fehlerhafte oder unvollst\u00e4ndige Inhalte und insbesondere f\u00fcr Sch\u00e4den, die aus der Nutzung oder Nichtnutzung solcherart dargebotener Informationen entstehen, haftet allein der Anbieter der Seite, auf welche verwiesen wurde, nicht derjenige, der \u00fcber Links auf die jeweilige Ver\u00f6ffentlichung lediglich verweist.<\/p>\n","protected":false},"excerpt":{"rendered":"<p>Angaben gem. \u00a7 5 TMG Betreiber und Kontakt: Michael Romes Im Beginenw\u00e4ldchen 5 51105 K\u00f6ln ichni@netcologne.de Tel.: 0221\/9833074 Verantwortlicher f\u00fcr journalistisch-redaktionelle Inhalte gem. \u00a7 55 II RstV: Michael Romes Bilder und Grafiken: eigene Bilder Organisation und musikalische Leitung der Fishermans Jam: Michael und Alex Romes Verweise und Links Bei direkten oder indirekten Verweisen auf fremde [&hellip;]<\/p>\n","protected":false},"author":1,"featured_media":0,"parent":0,"menu_order":2,"comment_status":"open","ping_status":"open","template":"","meta":{"ngg_post_thumbnail":0,"footnotes":""},"class_list":["post-6","page","type-page","status-publish","hentry"],"_links":{"self":[{"href":"https:\/\/fishermansjam.de\/index.php?rest_route=\/wp\/v2\/pages\/6","targetHints":{"allow":["GET"]}}],"collection":[{"href":"https:\/\/fishermansjam.de\/index.php?rest_route=\/wp\/v2\/pages"}],"about":[{"href":"https:\/\/fishermansjam.de\/index.php?rest_route=\/wp\/v2\/types\/page"}],"author":[{"embeddable":true,"href":"https:\/\/fishermansjam.de\/index.php?rest_route=\/wp\/v2\/users\/1"}],"replies":[{"embeddable":true,"href":"https:\/\/fishermansjam.de\/index.php?rest_route=%2Fwp%2Fv2%2Fcomments&post=6"}],"version-history":[{"count":17,"href":"https:\/\/fishermansjam.de\/index.php?rest_route=\/wp\/v2\/pages\/6\/revisions"}],"predecessor-version":[{"id":9,"href":"https:\/\/fishermansjam.de\/index.php?rest_route=\/wp\/v2\/pages\/6\/revisions\/9"}],"wp:attachment":[{"href":"https:\/\/fishermansjam.de\/index.php?rest_route=%2Fwp%2Fv2%2Fmedia&parent=6"}],"curies":[{"name":"wp","href":"https:\/\/api.w.org\/{rel}","templated":true}]}}