{"id":313,"date":"2011-11-20T12:36:55","date_gmt":"2011-11-20T11:36:55","guid":{"rendered":"http:\/\/fishermansjam.de\/?page_id=313"},"modified":"2018-12-23T15:39:08","modified_gmt":"2018-12-23T14:39:08","slug":"start-2","status":"publish","type":"page","link":"https:\/\/fishermansjam.de\/?page_id=313","title":{"rendered":"Sessions"},"content":{"rendered":"<ul>\n<li>\n<h5><span style=\"color: #0000ff;\"><a title=\"Kunstwerk\" href=\"http:\/\/de-de.facebook.com\/Jam-it-737146252977102\/\" target=\"_blank\"><span style=\"color: #0000ff;\">Jamit! &#8211; die Mutter der Jamsessions (jam &#8211; samstag tba)<\/span><\/a><\/span><\/h5>\n<\/li>\n<li>\n<h5><span style=\"color: #3366ff;\"><a href=\"http:\/\/www.facebook.com\/jamtogethercgn\/?fref=ts\" target=\"_blank\"><span style=\"color: #3366ff;\">JAM together &#8211; (Rock, Funk, Blues tba)<\/span><\/a><\/span><\/h5>\n<\/li>\n<li>\n<h5><a href=\"http:\/\/www.facebook.com\/events\/1159521174102507\/\" target=\"_blank\">de.lite &#8211; Jazzsession (de.lite, donnerstags)<\/a><\/h5>\n<\/li>\n<li>\n<h5><a href=\"http:\/\/artheater.info\/11\/\" target=\"_blank\">jazz-o-rama &#8211; Jazz (Art-Theater, dienstags)<\/a><span style=\"color: #3366ff;\"><span style=\"color: #3366ff;\"><br \/>\n<\/span><\/span><\/h5>\n<\/li>\n<li>\n<h5><span style=\"color: #3366ff;\"><a title=\"barinton\" href=\"http:\/\/barinton.com\/index.php?option=com_content&amp;view=article&amp;id=59%3Ajam-session&amp;catid=35&amp;Itemid=53\" target=\"_blank\"><span style=\"color: #3366ff;\">Barinton <\/span><\/a>(Jam &#8211; jeden Donnerstag)<\/span><\/h5>\n<\/li>\n<li>\n<h5><span style=\"color: #0000ff;\">Climax Blues Session (2. Samstag im Monat im Climax, Eifelplatz)<\/span><\/h5>\n<\/li>\n<li>\n<h5><span style=\"color: #0000ff;\"><span style=\"color: #3366ff;\"><a href=\"http:\/\/www.facebook.com\/profile.php?id=100009264382196&amp;fref=ts\" target=\"_blank\"><span style=\"color: #3366ff;\">Beat Session M\u00fctze K\u00f6ln-M\u00fclheim (3. Freitag im Monat)<\/span><\/a><\/span><\/span><\/h5>\n<\/li>\n<li>\n<h5><span style=\"color: #0000ff;\">JAM Pack &#8211; Blues (MC Adler, Diepeschrather Str.2a, K-Dellbr\u00fcck, letzter Samstag im Monat, Einladung \u00fcber E-Mail-Verteiler)<span style=\"color: #3366ff;\"><span style=\"color: #3366ff;\"><br \/>\n<\/span><\/span><\/span><\/h5>\n<\/li>\n<li>\n<h5><span style=\"color: #0000ff;\"><a title=\"beat open\" href=\"http:\/\/beat-open.de\" target=\"_blank\"><span style=\"color: #0000ff;\">Beat Open<\/span><\/a> (R&amp;B &#8211; 2.Donnerstag im Monat)<\/span><\/h5>\n<\/li>\n<li>\n<h5><a href=\"http:\/\/www.facebook.com\/events\/181623652272447\/\"><span style=\"color: #0000ff;\"><span style=\"color: #0000ff;\">Six \/ Eight <\/span><\/span><\/a><span style=\"color: #0000ff;\"><a href=\"http:\/\/www.facebook.com\/events\/181623652272447\/\">(Jam &#8211; 3. Mittwoch im Monat)<\/a><br \/>\n<\/span><\/h5>\n<\/li>\n<li>\n<h5><a href=\"http:\/\/www.tankstelle-koeln.de\/\" target=\"_blank\"><span style=\"color: #0000ff;\"><span style=\"color: #0000ff;\">Tankstelle<\/span> (Singer\/Songwriter &#8211; donnerstags)<\/span><\/a><span style=\"color: #0000ff;\"><br \/>\n<\/span><\/h5>\n<\/li>\n<li>\n<h5><span style=\"color: #3366ff;\">Improvisatorium M\u00fctze K\u00f6ln\u00a0 (freie Improvisation, 2. Donnerstag p.M. &#8211; Einladung \u00fcber E-Mail-Verteiler)<\/span><\/h5>\n<\/li>\n<li><span style=\"color: #0000ff;\"><a href=\"http:\/\/www.orangesunday.de\/\" target=\"_blank\">Orange Sunday &#8211; Jazz, Mitspielen nur auf Einladung (1. Sonntag im M.)<\/a><br \/>\n<\/span><\/li>\n<\/ul>\n","protected":false},"excerpt":{"rendered":"<p>Jamit! &#8211; die Mutter der Jamsessions (jam &#8211; samstag tba) JAM together &#8211; (Rock, Funk, Blues tba) de.lite &#8211; Jazzsession (de.lite, donnerstags) jazz-o-rama &#8211; Jazz (Art-Theater, dienstags) Barinton (Jam &#8211; jeden Donnerstag) Climax Blues Session (2. Samstag im Monat im Climax, Eifelplatz) Beat Session M\u00fctze K\u00f6ln-M\u00fclheim (3. Freitag im Monat) JAM Pack &#8211; Blues (MC [&hellip;]<\/p>\n","protected":false},"author":1,"featured_media":0,"parent":0,"menu_order":5,"comment_status":"closed","ping_status":"open","template":"","meta":{"ngg_post_thumbnail":0,"footnotes":""},"class_list":["post-313","page","type-page","status-publish","hentry"],"_links":{"self":[{"href":"https:\/\/fishermansjam.de\/index.php?rest_route=\/wp\/v2\/pages\/313","targetHints":{"allow":["GET"]}}],"collection":[{"href":"https:\/\/fishermansjam.de\/index.php?rest_route=\/wp\/v2\/pages"}],"about":[{"href":"https:\/\/fishermansjam.de\/index.php?rest_route=\/wp\/v2\/types\/page"}],"author":[{"embeddable":true,"href":"https:\/\/fishermansjam.de\/index.php?rest_route=\/wp\/v2\/users\/1"}],"replies":[{"embeddable":true,"href":"https:\/\/fishermansjam.de\/index.php?rest_route=%2Fwp%2Fv2%2Fcomments&post=313"}],"version-history":[{"count":50,"href":"https:\/\/fishermansjam.de\/index.php?rest_route=\/wp\/v2\/pages\/313\/revisions"}],"predecessor-version":[{"id":661,"href":"https:\/\/fishermansjam.de\/index.php?rest_route=\/wp\/v2\/pages\/313\/revisions\/661"}],"wp:attachment":[{"href":"https:\/\/fishermansjam.de\/index.php?rest_route=%2Fwp%2Fv2%2Fmedia&parent=313"}],"curies":[{"name":"wp","href":"https:\/\/api.w.org\/{rel}","templated":true}]}}