{"id":10,"date":"2010-11-21T22:45:32","date_gmt":"2010-11-21T21:45:32","guid":{"rendered":"http:\/\/fishermansjam.de\/?page_id=10"},"modified":"2020-12-26T11:00:09","modified_gmt":"2020-12-26T10:00:09","slug":"anfahrt","status":"publish","type":"page","link":"https:\/\/fishermansjam.de\/?page_id=10","title":{"rendered":"Anfahrt"},"content":{"rendered":"<h2>Veranstalter:<\/h2>\n<p>Michael und Alex Romes<\/p>\n<h3>Hier findet die Jam-Session statt:<\/h3>\n<p>Die Session findet in verschiedenen Lokalit\u00e4ten an der &#8222;Poller Rhein-Schiene&#8220; statt, also an der Alfred-Sch\u00fctte-Allee oder Weidenweg in 51105 K\u00f6ln. Der genaue Ort wird jeweils kurzfristig bekanntgegeben.<\/p>\n<h2>Lage auf Google-Maps:<\/h2>\n<p><small><a style=\"color: #0000ff; text-align: left;\" href=\"http:\/\/maps.google.de\/maps?f=q&amp;source=embed&amp;hl=de&amp;geocode=&amp;q=Alfred-Sch%C3%BCtte-Allee+163,+K%C3%B6ln&amp;sll=51.151786,10.415039&amp;sspn=13.966081,34.716797&amp;ie=UTF8&amp;hq=&amp;hnear=Alfred-Sch%C3%BCtte-Allee+163,+K%C3%B6ln+51105+K%C3%B6ln,+Nordrhein-Westfalen&amp;ll=50.911422,6.984558&amp;spn=0.016235,0.025749&amp;z=14&amp;iwloc=A\">Gr\u00f6\u00dfere Kartenansicht<\/a><\/small><\/p>\n<div>\u00d6ffentliche Verkehrsmittel: Anfahrt: Linie 7, Haltestelle Poll-Salmstra\u00dfe, dann zu Fu\u00df \u00fcber die Salmstra\u00dfe zum Rhein oder Bus Linie 159 bis Haltestelle &#8222;Alfred-Sch\u00fctte-Allee&#8220;.<\/div>\n<div>&nbsp;<\/div>\n<div>Mit dem Auto\/Fahrrad: Von Deutz zum Rheinufer und die Alfred-Sch\u00fctte-Allee immer rheinaufw\u00e4rts, hinter der S\u00fcdbr\u00fccke bzw. Rodenkirchener Autobahnbr\u00fccke.<\/div>\n<div>&nbsp;<\/div>\n<div>Von linksrheinisch zu Fu\u00df \u00fcber die S\u00fcdbr\u00fccke und dann rechts \u00fcber die Alfred-Sch\u00fctte-Allee oder \u00fcber die Rodenkirchener Autobahnbr\u00fccke.<\/div>\n<div><span style=\"font-family: Arial; font-size: medium;\">&nbsp;<\/span><\/div>\n","protected":false},"excerpt":{"rendered":"<p>Veranstalter: Michael und Alex Romes Hier findet die Jam-Session statt: Die Session findet in verschiedenen Lokalit\u00e4ten an der &#8222;Poller Rhein-Schiene&#8220; statt, also an der Alfred-Sch\u00fctte-Allee oder Weidenweg in 51105 K\u00f6ln. Der genaue Ort wird jeweils kurzfristig bekanntgegeben. Lage auf Google-Maps: Gr\u00f6\u00dfere Kartenansicht \u00d6ffentliche Verkehrsmittel: Anfahrt: Linie 7, Haltestelle Poll-Salmstra\u00dfe, dann zu Fu\u00df \u00fcber die Salmstra\u00dfe [&hellip;]<\/p>\n","protected":false},"author":1,"featured_media":0,"parent":0,"menu_order":3,"comment_status":"open","ping_status":"open","template":"","meta":{"ngg_post_thumbnail":0,"footnotes":""},"class_list":["post-10","page","type-page","status-publish","hentry"],"_links":{"self":[{"href":"https:\/\/fishermansjam.de\/index.php?rest_route=\/wp\/v2\/pages\/10","targetHints":{"allow":["GET"]}}],"collection":[{"href":"https:\/\/fishermansjam.de\/index.php?rest_route=\/wp\/v2\/pages"}],"about":[{"href":"https:\/\/fishermansjam.de\/index.php?rest_route=\/wp\/v2\/types\/page"}],"author":[{"embeddable":true,"href":"https:\/\/fishermansjam.de\/index.php?rest_route=\/wp\/v2\/users\/1"}],"replies":[{"embeddable":true,"href":"https:\/\/fishermansjam.de\/index.php?rest_route=%2Fwp%2Fv2%2Fcomments&post=10"}],"version-history":[{"count":9,"href":"https:\/\/fishermansjam.de\/index.php?rest_route=\/wp\/v2\/pages\/10\/revisions"}],"predecessor-version":[{"id":680,"href":"https:\/\/fishermansjam.de\/index.php?rest_route=\/wp\/v2\/pages\/10\/revisions\/680"}],"wp:attachment":[{"href":"https:\/\/fishermansjam.de\/index.php?rest_route=%2Fwp%2Fv2%2Fmedia&parent=10"}],"curies":[{"name":"wp","href":"https:\/\/api.w.org\/{rel}","templated":true}]}}